{"id":3520,"date":"2025-01-21T19:45:37","date_gmt":"2025-01-21T18:45:37","guid":{"rendered":"https:\/\/dvepercenta.fcpetrzalka.sk\/?page_id=3520"},"modified":"2026-02-07T10:09:14","modified_gmt":"2026-02-07T09:09:14","slug":"zakladne-info","status":"publish","type":"page","link":"https:\/\/dvepercenta.fcpetrzalka.sk\/","title":{"rendered":"Zakladn\u00e9 inform\u00e1cie"},"content":{"rendered":"\t\t<div data-elementor-type=\"wp-page\" data-elementor-id=\"3520\" class=\"elementor elementor-3520\">\n\t\t\t\t\t\t<section class=\"elementor-section elementor-top-section elementor-element elementor-element-9ca209b elementor-section-boxed elementor-section-height-default elementor-section-height-default\" data-id=\"9ca209b\" data-element_type=\"section\" data-e-type=\"section\" data-settings=\"{&quot;background_background&quot;:&quot;classic&quot;}\">\n\t\t\t\t\t\t<div class=\"elementor-container elementor-column-gap-default\">\n\t\t\t\t\t<div class=\"elementor-column elementor-col-66 elementor-top-column elementor-element elementor-element-b9efcb6\" data-id=\"b9efcb6\" data-element_type=\"column\" data-e-type=\"column\">\n\t\t\t<div class=\"elementor-widget-wrap elementor-element-populated\">\n\t\t\t\t\t\t<div class=\"elementor-element elementor-element-9997036 elementor-widget elementor-widget-text-editor\" data-id=\"9997036\" data-element_type=\"widget\" data-e-type=\"widget\" data-widget_type=\"text-editor.default\">\n\t\t\t\t<div class=\"elementor-widget-container\">\n\t\t\t\t\t\t\t\t\t<ul><li>I\u010cO: <span style=\"font-weight: bold;\">42363233<\/span><\/li><li>Pr\u00e1vna forma:<strong>\u00a0Ob\u010dianske zdru\u017eenie<\/strong><\/li><li>N\u00e1zov:<strong>\u00a0<\/strong><span style=\"font-weight: bold;\">FC Petr\u017ealka, futbalov\u00fd klub<\/span><\/li><li>Ulica:<strong>\u00a0M. Curie Sklodowskej<\/strong><\/li><li>S\u00fapisn\u00e9\/orienta\u010dn\u00e9 \u010d\u00edslo:<strong> 1816\/1<\/strong><\/li><li>PS\u010c:\u00a0<strong>85104<\/strong><\/li><li>Mesto:\u00a0<strong>Bratislava<\/strong><\/li><li>\u00da\u010det: <span style=\"font-weight: bold;\">SK37 8330 0000 0021 0273 5357<\/span><\/li><li>Banka: <strong>Fio banka<\/strong><\/li><li>Eviden\u010dn\u00e9 \u010d\u00edslo NCRpo: <strong>4957\/2025<\/strong><\/li><\/ul>\t\t\t\t\t\t\t\t<\/div>\n\t\t\t\t<\/div>\n\t\t\t\t\t<\/div>\n\t\t<\/div>\n\t\t\t\t<div class=\"elementor-column elementor-col-33 elementor-top-column elementor-element elementor-element-cb2ac0b\" data-id=\"cb2ac0b\" data-element_type=\"column\" data-e-type=\"column\" data-settings=\"{&quot;background_background&quot;:&quot;classic&quot;}\">\n\t\t\t<div class=\"elementor-widget-wrap elementor-element-populated\">\n\t\t\t\t\t\t<div class=\"elementor-element elementor-element-a2ba4ce elementor-widget elementor-widget-text-editor\" data-id=\"a2ba4ce\" data-element_type=\"widget\" data-e-type=\"widget\" data-widget_type=\"text-editor.default\">\n\t\t\t\t<div class=\"elementor-widget-container\">\n\t\t\t\t\t\t\t\t\t<h5 style=\"text-align: center;\">Postup ako m\u00f4\u017eete pouk\u00e1za\u0165 2%<\/h5><p style=\"text-align: center;\"><strong><a title=\"ZAMESTNANEC\" href=\"https:\/\/dvepercenta.fcpetrzalka.sk\/?page_id=3351\">ZAMESTNANEC<\/a><\/strong><\/p><p style=\"text-align: center;\"><a title=\"FYZICK\u00c1 OSOBA (napr. SZ\u010cO)\" href=\"https:\/\/dvepercenta.fcpetrzalka.sk\/?page_id=3358\"><strong>FYZICK\u00c1 OSOBA<\/strong><\/a><\/p><p style=\"text-align: center;\"><strong><a title=\"PR\u00c1VNICK\u00c1 OSOBA (firmy)\" href=\"https:\/\/dvepercenta.fcpetrzalka.sk\/?page_id=3381\">PR\u00c1VNICK\u00c1 OSOBA<\/a><\/strong><\/p>\t\t\t\t\t\t\t\t<\/div>\n\t\t\t\t<\/div>\n\t\t\t\t\t<\/div>\n\t\t<\/div>\n\t\t\t\t\t<\/div>\n\t\t<\/section>\n\t\t\t\t<section class=\"elementor-section elementor-top-section elementor-element elementor-element-5a51484 elementor-section-boxed elementor-section-height-default elementor-section-height-default\" data-id=\"5a51484\" data-element_type=\"section\" data-e-type=\"section\">\n\t\t\t\t\t\t<div class=\"elementor-container elementor-column-gap-default\">\n\t\t\t\t\t<div class=\"elementor-column elementor-col-100 elementor-top-column elementor-element elementor-element-539df5a\" data-id=\"539df5a\" data-element_type=\"column\" data-e-type=\"column\">\n\t\t\t<div class=\"elementor-widget-wrap elementor-element-populated\">\n\t\t\t\t\t\t<div class=\"elementor-element elementor-element-6ba9dd9 elementor-widget elementor-widget-text-editor\" data-id=\"6ba9dd9\" data-element_type=\"widget\" data-e-type=\"widget\" data-widget_type=\"text-editor.default\">\n\t\t\t\t<div class=\"elementor-widget-container\">\n\t\t\t\t\t\t\t\t\t<blockquote>\n<p><strong>Od roku 2026 (za zda\u0148ovacie obdobie 2025) je mo\u017en\u00e9 pouk\u00e1za\u0165 a\u017e 6% z dane: 2% mame, 2% otcovi (poberate\u013eom d\u00f4chodku) a 2% ob\u010dianskemu zdru\u017eeniu (OZ).\u00a0<\/strong><\/p>\n<\/blockquote>\t\t\t\t\t\t\t\t<\/div>\n\t\t\t\t<\/div>\n\t\t\t\t\t<\/div>\n\t\t<\/div>\n\t\t\t\t\t<\/div>\n\t\t<\/section>\n\t\t\t\t<section class=\"elementor-section elementor-top-section elementor-element elementor-element-19bc159 elementor-section-boxed elementor-section-height-default elementor-section-height-default\" data-id=\"19bc159\" data-element_type=\"section\" data-e-type=\"section\">\n\t\t\t\t\t\t<div class=\"elementor-container elementor-column-gap-default\">\n\t\t\t\t\t<div class=\"elementor-column elementor-col-100 elementor-top-column elementor-element elementor-element-b2527aa\" data-id=\"b2527aa\" data-element_type=\"column\" data-e-type=\"column\">\n\t\t\t<div class=\"elementor-widget-wrap elementor-element-populated\">\n\t\t\t\t\t\t<div class=\"elementor-element elementor-element-fbfda64 elementor-widget elementor-widget-text-editor\" data-id=\"fbfda64\" data-element_type=\"widget\" data-e-type=\"widget\" data-widget_type=\"text-editor.default\">\n\t\t\t\t<div class=\"elementor-widget-container\">\n\t\t\t\t\t\t\t\t\t<hr \/>\n<h4 style=\"text-align: center;\"><a href=\"https:\/\/www.notar.sk\/poberatel\/?actId=68f77fa9aa56ba04e44a5d80\" target=\"_blank\" rel=\"noopener\"><b>Not\u00e1rsky centr\u00e1lny register ur\u010den\u00fdch pr\u00e1vnick\u00fdch os\u00f4b<\/b><\/a><\/h4>\t\t\t\t\t\t\t\t<\/div>\n\t\t\t\t<\/div>\n\t\t\t\t\t<\/div>\n\t\t<\/div>\n\t\t\t\t\t<\/div>\n\t\t<\/section>\n\t\t\t\t<\/div>\n\t\t","protected":false},"excerpt":{"rendered":"<p>I\u010cO: 42363233 Pr\u00e1vna forma:\u00a0Ob\u010dianske zdru\u017eenie N\u00e1zov:\u00a0FC Petr\u017ealka, futbalov\u00fd klub Ulica:\u00a0M. Curie Sklodowskej S\u00fapisn\u00e9\/orienta\u010dn\u00e9 \u010d\u00edslo: 1816\/1 PS\u010c:\u00a085104 Mesto:\u00a0Bratislava \u00da\u010det: SK37 8330 0000 0021 0273 5357 Banka: Fio banka Eviden\u010dn\u00e9 \u010d\u00edslo NCRpo: 4957\/2025 Postup ako m\u00f4\u017eete pouk\u00e1za\u0165 2% ZAMESTNANEC FYZICK\u00c1 OSOBA PR\u00c1VNICK\u00c1 OSOBA Od roku 2026 (za zda\u0148ovacie obdobie 2025) je mo\u017en\u00e9 pouk\u00e1za\u0165 a\u017e 6% z dane:&hellip;<\/p>\n","protected":false},"author":2,"featured_media":3728,"parent":0,"menu_order":0,"comment_status":"closed","ping_status":"closed","template":"","meta":{"footnotes":""},"class_list":["post-3520","page","type-page","status-publish","format-standard","has-post-thumbnail","hentry"],"aioseo_notices":[],"_links":{"self":[{"href":"https:\/\/dvepercenta.fcpetrzalka.sk\/index.php?rest_route=\/wp\/v2\/pages\/3520","targetHints":{"allow":["GET"]}}],"collection":[{"href":"https:\/\/dvepercenta.fcpetrzalka.sk\/index.php?rest_route=\/wp\/v2\/pages"}],"about":[{"href":"https:\/\/dvepercenta.fcpetrzalka.sk\/index.php?rest_route=\/wp\/v2\/types\/page"}],"author":[{"embeddable":true,"href":"https:\/\/dvepercenta.fcpetrzalka.sk\/index.php?rest_route=\/wp\/v2\/users\/2"}],"replies":[{"embeddable":true,"href":"https:\/\/dvepercenta.fcpetrzalka.sk\/index.php?rest_route=%2Fwp%2Fv2%2Fcomments&post=3520"}],"version-history":[{"count":6,"href":"https:\/\/dvepercenta.fcpetrzalka.sk\/index.php?rest_route=\/wp\/v2\/pages\/3520\/revisions"}],"predecessor-version":[{"id":3788,"href":"https:\/\/dvepercenta.fcpetrzalka.sk\/index.php?rest_route=\/wp\/v2\/pages\/3520\/revisions\/3788"}],"wp:featuredmedia":[{"embeddable":true,"href":"https:\/\/dvepercenta.fcpetrzalka.sk\/index.php?rest_route=\/wp\/v2\/media\/3728"}],"wp:attachment":[{"href":"https:\/\/dvepercenta.fcpetrzalka.sk\/index.php?rest_route=%2Fwp%2Fv2%2Fmedia&parent=3520"}],"curies":[{"name":"wp","href":"https:\/\/api.w.org\/{rel}","templated":true}]}}